{"id":2807,"date":"2026-03-16T19:45:35","date_gmt":"2026-03-16T19:45:35","guid":{"rendered":"https:\/\/vencoroil.com\/?page_id=2807"},"modified":"2026-03-24T18:02:21","modified_gmt":"2026-03-24T18:02:21","slug":"servicios-estudios-integrados","status":"publish","type":"page","link":"https:\/\/vencoroil.com\/en\/servicios-estudios-integrados\/","title":{"rendered":"Servicios estudios integrados"},"content":{"rendered":"<div data-elementor-type=\"wp-page\" data-elementor-id=\"2807\" class=\"elementor elementor-2807\">\n\t\t\t\t<div class=\"elementor-element elementor-element-6abfce1 e-flex e-con-boxed e-con e-parent\" data-id=\"6abfce1\" data-element_type=\"container\" data-e-type=\"container\">\n\t\t\t\t\t<div class=\"e-con-inner\">\n\t\t\t\t<div class=\"elementor-element elementor-element-557ba48 elementor-widget elementor-widget-text-editor\" data-id=\"557ba48\" data-element_type=\"widget\" data-e-type=\"widget\" data-widget_type=\"text-editor.default\">\n\t\t\t\t<div class=\"elementor-widget-container\">\n\t\t\t\t\t\t\t\t\t<p>Los <strong>Estudios Integrados<\/strong> representan la metodolog\u00eda m\u00e1s avanzada para descifrar la complejidad de los yacimientos, permitiendo una transici\u00f3n precisa desde la descripci\u00f3n geol\u00f3gica hasta la predicci\u00f3n realista del comportamiento de los fluidos.<\/p><ul><li><strong>(Fase I)<\/strong> El proceso se desarrolla a trav\u00e9s de una rigurosa arquitectura de fases que inicia con la auditor\u00eda de informaci\u00f3n hist\u00f3rica y modelos previos.<\/li><li><strong>(Fase II)<\/strong> Seguida de una caracterizaci\u00f3n detallada en geociencias e ingenier\u00eda.<\/li><li><strong>(Fase III)<\/strong> El n\u00facleo predictivo se alcanza en la Simulaci\u00f3n Din\u00e1mica, donde mediante modelos num\u00e9ricos de mallas escaladas se estiman las reservas recuperables y se analiza el comportamiento de presi\u00f3n y flujo.<\/li><li><strong>(Fase IV)<\/strong> La Estrategia de Explotaci\u00f3n, donde convergen el rigor t\u00e9cnico y la rentabilidad econ\u00f3mica. En esta etapa, evaluamos desde mecanismos de recuperaci\u00f3n primaria hasta procesos de recobro mejorado (EOR), analizando niveles de CAPEX y OPEX para asegurar m\u00e1rgenes de negocio \u00f3ptimos.<\/li><\/ul>\t\t\t\t\t\t\t\t<\/div>\n\t\t\t\t<\/div>\n\t\t\t\t\t<\/div>\n\t\t\t\t<\/div>\n\t\t<div class=\"elementor-element elementor-element-42d7852 e-flex e-con-boxed e-con e-parent\" data-id=\"42d7852\" data-element_type=\"container\" data-e-type=\"container\">\n\t\t\t\t\t<div class=\"e-con-inner\">\n\t\t\t\t<div class=\"elementor-element elementor-element-b22f85f elementor-widget elementor-widget-image\" data-id=\"b22f85f\" data-element_type=\"widget\" data-e-type=\"widget\" data-widget_type=\"image.default\">\n\t\t\t\t<div class=\"elementor-widget-container\">\n\t\t\t\t\t\t\t\t\t\t\t\t\t\t\t<img fetchpriority=\"high\" decoding=\"async\" width=\"1024\" height=\"576\" src=\"https:\/\/vencoroil.com\/wp-content\/uploads\/2026\/03\/Servicios-Integrados-1024x576.jpg\" class=\"attachment-large size-large wp-image-2846\" alt=\"\" srcset=\"https:\/\/vencoroil.com\/wp-content\/uploads\/2026\/03\/Servicios-Integrados-1024x576.jpg 1024w, https:\/\/vencoroil.com\/wp-content\/uploads\/2026\/03\/Servicios-Integrados-300x169.jpg 300w, https:\/\/vencoroil.com\/wp-content\/uploads\/2026\/03\/Servicios-Integrados-768x432.jpg 768w, https:\/\/vencoroil.com\/wp-content\/uploads\/2026\/03\/Servicios-Integrados-1536x864.jpg 1536w, https:\/\/vencoroil.com\/wp-content\/uploads\/2026\/03\/Servicios-Integrados-1000x563.jpg 1000w, https:\/\/vencoroil.com\/wp-content\/uploads\/2026\/03\/Servicios-Integrados-230x129.jpg 230w, https:\/\/vencoroil.com\/wp-content\/uploads\/2026\/03\/Servicios-Integrados-350x197.jpg 350w, https:\/\/vencoroil.com\/wp-content\/uploads\/2026\/03\/Servicios-Integrados-480x270.jpg 480w, https:\/\/vencoroil.com\/wp-content\/uploads\/2026\/03\/Servicios-Integrados-800x450.jpg 800w, https:\/\/vencoroil.com\/wp-content\/uploads\/2026\/03\/Servicios-Integrados.jpg 1920w\" sizes=\"(max-width: 1024px) 100vw, 1024px\" \/>\t\t\t\t\t\t\t\t\t\t\t\t\t\t\t<\/div>\n\t\t\t\t<\/div>\n\t\t\t\t\t<\/div>\n\t\t\t\t<\/div>\n\t\t\t\t<\/div>","protected":false},"excerpt":{"rendered":"<p>Los Estudios Integrados representan la metodolog\u00eda m\u00e1s avanzada para descifrar la complejidad de los yacimientos, permitiendo una transici\u00f3n precisa desde la descripci\u00f3n [&hellip;]<\/p>\n","protected":false},"author":1,"featured_media":0,"parent":0,"menu_order":0,"comment_status":"closed","ping_status":"closed","template":"page-templates\/page_fullwidth.php","meta":{"_monsterinsights_skip_tracking":false,"_monsterinsights_sitenote_active":false,"_monsterinsights_sitenote_note":"","_monsterinsights_sitenote_category":0,"footnotes":""},"class_list":["post-2807","page","type-page","status-publish","hentry"],"aioseo_notices":[],"_links":{"self":[{"href":"https:\/\/vencoroil.com\/en\/wp-json\/wp\/v2\/pages\/2807","targetHints":{"allow":["GET"]}}],"collection":[{"href":"https:\/\/vencoroil.com\/en\/wp-json\/wp\/v2\/pages"}],"about":[{"href":"https:\/\/vencoroil.com\/en\/wp-json\/wp\/v2\/types\/page"}],"author":[{"embeddable":true,"href":"https:\/\/vencoroil.com\/en\/wp-json\/wp\/v2\/users\/1"}],"replies":[{"embeddable":true,"href":"https:\/\/vencoroil.com\/en\/wp-json\/wp\/v2\/comments?post=2807"}],"version-history":[{"count":19,"href":"https:\/\/vencoroil.com\/en\/wp-json\/wp\/v2\/pages\/2807\/revisions"}],"predecessor-version":[{"id":2917,"href":"https:\/\/vencoroil.com\/en\/wp-json\/wp\/v2\/pages\/2807\/revisions\/2917"}],"wp:attachment":[{"href":"https:\/\/vencoroil.com\/en\/wp-json\/wp\/v2\/media?parent=2807"}],"curies":[{"name":"wp","href":"https:\/\/api.w.org\/{rel}","templated":true}]}}