{"id":2480,"date":"2026-02-26T19:29:18","date_gmt":"2026-02-26T19:29:18","guid":{"rendered":"https:\/\/vencoroil.com\/?page_id=2480"},"modified":"2026-03-26T14:30:23","modified_gmt":"2026-03-26T14:30:23","slug":"servicios-en-superficie","status":"publish","type":"page","link":"https:\/\/vencoroil.com\/en\/servicios-en-superficie\/","title":{"rendered":"Servicios en superficie"},"content":{"rendered":"<div data-elementor-type=\"wp-page\" data-elementor-id=\"2480\" class=\"elementor elementor-2480\">\n\t\t\t\t<div class=\"elementor-element elementor-element-86ca691 e-con-full e-flex e-con e-parent\" data-id=\"86ca691\" data-element_type=\"container\" data-e-type=\"container\">\n\t\t\t\t<div class=\"elementor-element elementor-element-541f012 elementor-widget elementor-widget-n-accordion\" data-id=\"541f012\" data-element_type=\"widget\" data-e-type=\"widget\" data-settings=\"{&quot;default_state&quot;:&quot;expanded&quot;,&quot;max_items_expended&quot;:&quot;one&quot;,&quot;n_accordion_animation_duration&quot;:{&quot;unit&quot;:&quot;ms&quot;,&quot;size&quot;:400,&quot;sizes&quot;:[]}}\" data-widget_type=\"nested-accordion.default\">\n\t\t\t\t<div class=\"elementor-widget-container\">\n\t\t\t\t\t\t\t<div class=\"e-n-accordion\" aria-label=\"Accordion. Open links with Enter or Space, close with Escape, and navigate with Arrow Keys\">\n\t\t\t\t\t\t<details id=\"e-n-accordion-item-8820\" class=\"e-n-accordion-item\" open>\n\t\t\t\t<summary class=\"e-n-accordion-item-title\" data-accordion-index=\"1\" tabindex=\"0\" aria-expanded=\"true\" aria-controls=\"e-n-accordion-item-8820\" >\n\t\t\t\t\t<span class='e-n-accordion-item-title-header'><div class=\"e-n-accordion-item-title-text\"> Servicio de well testing. <\/div><\/span>\n\t\t\t\t\t\t\t<span class='e-n-accordion-item-title-icon'>\n\t\t\t<span class='e-opened' ><svg aria-hidden=\"true\" class=\"e-font-icon-svg e-fas-minus\" viewbox=\"0 0 448 512\" xmlns=\"http:\/\/www.w3.org\/2000\/svg\"><path d=\"M416 208H32c-17.67 0-32 14.33-32 32v32c0 17.67 14.33 32 32 32h384c17.67 0 32-14.33 32-32v-32c0-17.67-14.33-32-32-32z\"><\/path><\/svg><\/span>\n\t\t\t<span class='e-closed'><svg aria-hidden=\"true\" class=\"e-font-icon-svg e-fas-check\" viewbox=\"0 0 512 512\" xmlns=\"http:\/\/www.w3.org\/2000\/svg\"><path d=\"M173.898 439.404l-166.4-166.4c-9.997-9.997-9.997-26.206 0-36.204l36.203-36.204c9.997-9.998 26.207-9.998 36.204 0L192 312.69 432.095 72.596c9.997-9.997 26.207-9.997 36.204 0l36.203 36.204c9.997 9.997 9.997 26.206 0 36.204l-294.4 294.401c-9.998 9.997-26.207 9.997-36.204-.001z\"><\/path><\/svg><\/span>\n\t\t<\/span>\n\n\t\t\t\t\t\t<\/summary>\n\t\t\t\t<div role=\"region\" aria-labelledby=\"e-n-accordion-item-8820\" class=\"elementor-element elementor-element-2a59403 e-con-full e-flex e-con e-child\" data-id=\"2a59403\" data-element_type=\"container\" data-e-type=\"container\">\n\t\t\t\t<div class=\"elementor-element elementor-element-014b9f1 elementor-invisible elementor-widget elementor-widget-text-editor\" data-id=\"014b9f1\" data-element_type=\"widget\" data-e-type=\"widget\" data-settings=\"{&quot;_animation&quot;:&quot;fadeIn&quot;}\" data-widget_type=\"text-editor.default\">\n\t\t\t\t<div class=\"elementor-widget-container\">\n\t\t\t\t\t\t\t\t\t<p>En <strong>Vencor, C.A.<\/strong>, ofrecemos el servicio de <strong>Well Testing<\/strong> en una ventaja competitiva. Mediante tecnolog\u00eda de vanguardia, capturamos el pulso de sus yacimientos en tiempo real, garantizando la m\u00e1xima eficiencia operativa y minimizando riesgos en cada proyecto. No solo medimos; impulsamos la rentabilidad de su activo.<\/p><p>Nuestra metodolog\u00eda de medici\u00f3n superficial elimina la necesidad de intervenciones complejas. Mediante equipos especializados, registramos con exactitud:<\/p><ul><li>Din\u00e1mica de Fluidos: Monitoreo de caudal y composici\u00f3n.<\/li><li>Variables Cr\u00edticas: Registro continuo de presi\u00f3n y temperatura.<\/li><li>An\u00e1lisis Predictivo: Visi\u00f3n clara del comportamiento del pozo para anticipar cambios en la producci\u00f3n.<\/li><\/ul>\t\t\t\t\t\t\t\t<\/div>\n\t\t\t\t<\/div>\n\t\t\t\t<div class=\"elementor-element elementor-element-27a16d0 elementor-invisible elementor-widget elementor-widget-image\" data-id=\"27a16d0\" data-element_type=\"widget\" data-e-type=\"widget\" data-settings=\"{&quot;_animation&quot;:&quot;zoomIn&quot;}\" data-widget_type=\"image.default\">\n\t\t\t\t<div class=\"elementor-widget-container\">\n\t\t\t\t\t\t\t\t\t\t\t\t\t\t\t<img fetchpriority=\"high\" decoding=\"async\" width=\"768\" height=\"576\" src=\"https:\/\/vencoroil.com\/wp-content\/uploads\/2026\/03\/well-serving-768x576.jpeg\" class=\"attachment-medium_large size-medium_large wp-image-2495\" alt=\"\" srcset=\"https:\/\/vencoroil.com\/wp-content\/uploads\/2026\/03\/well-serving-768x576.jpeg 768w, https:\/\/vencoroil.com\/wp-content\/uploads\/2026\/03\/well-serving-300x225.jpeg 300w, https:\/\/vencoroil.com\/wp-content\/uploads\/2026\/03\/well-serving-1024x768.jpeg 1024w, https:\/\/vencoroil.com\/wp-content\/uploads\/2026\/03\/well-serving-1000x750.jpeg 1000w, https:\/\/vencoroil.com\/wp-content\/uploads\/2026\/03\/well-serving-230x173.jpeg 230w, https:\/\/vencoroil.com\/wp-content\/uploads\/2026\/03\/well-serving-350x263.jpeg 350w, https:\/\/vencoroil.com\/wp-content\/uploads\/2026\/03\/well-serving-480x360.jpeg 480w, https:\/\/vencoroil.com\/wp-content\/uploads\/2026\/03\/well-serving-800x600.jpeg 800w, https:\/\/vencoroil.com\/wp-content\/uploads\/2026\/03\/well-serving.jpeg 1280w\" sizes=\"(max-width: 768px) 100vw, 768px\" \/>\t\t\t\t\t\t\t\t\t\t\t\t\t\t\t<\/div>\n\t\t\t\t<\/div>\n\t\t\t\t<\/div>\n\t\t\t\t\t<\/details>\n\t\t\t\t\t\t<details id=\"e-n-accordion-item-8821\" class=\"e-n-accordion-item\" >\n\t\t\t\t<summary class=\"e-n-accordion-item-title\" data-accordion-index=\"2\" tabindex=\"-1\" aria-expanded=\"false\" aria-controls=\"e-n-accordion-item-8821\" >\n\t\t\t\t\t<span class='e-n-accordion-item-title-header'><div class=\"e-n-accordion-item-title-text\"> Servicio de mantenimiento de equipos. <\/div><\/span>\n\t\t\t\t\t\t\t<span class='e-n-accordion-item-title-icon'>\n\t\t\t<span class='e-opened' ><svg aria-hidden=\"true\" class=\"e-font-icon-svg e-fas-minus\" viewbox=\"0 0 448 512\" xmlns=\"http:\/\/www.w3.org\/2000\/svg\"><path d=\"M416 208H32c-17.67 0-32 14.33-32 32v32c0 17.67 14.33 32 32 32h384c17.67 0 32-14.33 32-32v-32c0-17.67-14.33-32-32-32z\"><\/path><\/svg><\/span>\n\t\t\t<span class='e-closed'><svg aria-hidden=\"true\" class=\"e-font-icon-svg e-fas-check\" viewbox=\"0 0 512 512\" xmlns=\"http:\/\/www.w3.org\/2000\/svg\"><path d=\"M173.898 439.404l-166.4-166.4c-9.997-9.997-9.997-26.206 0-36.204l36.203-36.204c9.997-9.998 26.207-9.998 36.204 0L192 312.69 432.095 72.596c9.997-9.997 26.207-9.997 36.204 0l36.203 36.204c9.997 9.997 9.997 26.206 0 36.204l-294.4 294.401c-9.998 9.997-26.207 9.997-36.204-.001z\"><\/path><\/svg><\/span>\n\t\t<\/span>\n\n\t\t\t\t\t\t<\/summary>\n\t\t\t\t<div role=\"region\" aria-labelledby=\"e-n-accordion-item-8821\" class=\"elementor-element elementor-element-36bb7ec e-con-full e-flex e-con e-child\" data-id=\"36bb7ec\" data-element_type=\"container\" data-e-type=\"container\">\n\t\t\t\t<div class=\"elementor-element elementor-element-fbb02d4 elementor-invisible elementor-widget elementor-widget-text-editor\" data-id=\"fbb02d4\" data-element_type=\"widget\" data-e-type=\"widget\" data-settings=\"{&quot;_animation&quot;:&quot;fadeIn&quot;}\" data-widget_type=\"text-editor.default\">\n\t\t\t\t<div class=\"elementor-widget-container\">\n\t\t\t\t\t\t\t\t\t<p><strong>1. Mantenimiento Predictivo:<\/strong><br \/>Anticipamos las fallas antes de que ocurran utilizando tecnolog\u00eda de diagn\u00f3stico avanzada. Esto permite una toma de decisiones basada en datos reales, optimizando los costos de intervenci\u00f3n.<\/p><ul><li>An\u00e1lisis de Vibraci\u00f3n y Termograf\u00eda: Para equipos rotativos y sistemas el\u00e9ctricos.<\/li><li>Tribolog\u00eda y Ultrasonido: Evaluaci\u00f3n de lubricantes y detecci\u00f3n de fugas o fallas mec\u00e1nicas tempranas.<\/li><li>Monitoreo de Tendencias: An\u00e1lisis estad\u00edstico para predecir la vida \u00fatil remanente de los componentes.<\/li><\/ul><p><strong>2. Mantenimiento Preventivo:<\/strong><br \/>Aseguramos que sus equipos operen dentro de sus par\u00e1metros \u00f3ptimos mediante planes de intervenci\u00f3n sistem\u00e1ticos, ya sea por tiempo o por condici\u00f3n del equipo.<\/p><ul><li>Intervenciones Programadas: Ejecuci\u00f3n en intervalos fijos para evitar el desgaste prematuro.<\/li><li>Ajustes por Deficiencia: Correcciones t\u00e9cnicas detectadas durante inspecciones de rutina.<\/li><li>Gesti\u00f3n de Activos: Mantenimiento impulsado por la fiabilidad para garantizar la continuidad del negocio.<\/li><\/ul><p><strong>3. Mantenimiento Correctivo:<\/strong><br \/>Contamos con la agilidad log\u00edstica para intervenir ante eventos inesperados, garantizando la restauraci\u00f3n del servicio en el menor tiempo posible.<\/p><ul><li>Atenci\u00f3n de Emergencias: Respuesta r\u00e1pida ante fallas cr\u00edticas.<\/li><li>Remediaciones y Reconstrucciones: Reparaci\u00f3n integral de equipos tras incidentes.<\/li><li>Modificaciones y Redise\u00f1o: Implementaci\u00f3n de mejoras para evitar la recurrencia de fallas.<\/li><\/ul>\t\t\t\t\t\t\t\t<\/div>\n\t\t\t\t<\/div>\n\t\t\t\t<div class=\"elementor-element elementor-element-1e3ae0e elementor-invisible elementor-widget elementor-widget-image\" data-id=\"1e3ae0e\" data-element_type=\"widget\" data-e-type=\"widget\" data-settings=\"{&quot;_animation&quot;:&quot;zoomIn&quot;}\" data-widget_type=\"image.default\">\n\t\t\t\t<div class=\"elementor-widget-container\">\n\t\t\t\t\t\t\t\t\t\t\t\t\t\t\t<img decoding=\"async\" width=\"768\" height=\"576\" src=\"https:\/\/vencoroil.com\/wp-content\/uploads\/2026\/03\/Mantenimiento-768x576.jpeg\" class=\"attachment-medium_large size-medium_large wp-image-2548\" alt=\"\" srcset=\"https:\/\/vencoroil.com\/wp-content\/uploads\/2026\/03\/Mantenimiento-768x576.jpeg 768w, https:\/\/vencoroil.com\/wp-content\/uploads\/2026\/03\/Mantenimiento-300x225.jpeg 300w, https:\/\/vencoroil.com\/wp-content\/uploads\/2026\/03\/Mantenimiento-1024x768.jpeg 1024w, https:\/\/vencoroil.com\/wp-content\/uploads\/2026\/03\/Mantenimiento-1000x750.jpeg 1000w, https:\/\/vencoroil.com\/wp-content\/uploads\/2026\/03\/Mantenimiento-230x173.jpeg 230w, https:\/\/vencoroil.com\/wp-content\/uploads\/2026\/03\/Mantenimiento-350x263.jpeg 350w, https:\/\/vencoroil.com\/wp-content\/uploads\/2026\/03\/Mantenimiento-480x360.jpeg 480w, https:\/\/vencoroil.com\/wp-content\/uploads\/2026\/03\/Mantenimiento-800x600.jpeg 800w, https:\/\/vencoroil.com\/wp-content\/uploads\/2026\/03\/Mantenimiento.jpeg 1280w\" sizes=\"(max-width: 768px) 100vw, 768px\" \/>\t\t\t\t\t\t\t\t\t\t\t\t\t\t\t<\/div>\n\t\t\t\t<\/div>\n\t\t\t\t<\/div>\n\t\t\t\t\t<\/details>\n\t\t\t\t\t\t<details id=\"e-n-accordion-item-8822\" class=\"e-n-accordion-item\" >\n\t\t\t\t<summary class=\"e-n-accordion-item-title\" data-accordion-index=\"3\" tabindex=\"-1\" aria-expanded=\"false\" aria-controls=\"e-n-accordion-item-8822\" >\n\t\t\t\t\t<span class='e-n-accordion-item-title-header'><div class=\"e-n-accordion-item-title-text\"> Servicio de optimizaci\u00f3n de producci\u00f3n. <\/div><\/span>\n\t\t\t\t\t\t\t<span class='e-n-accordion-item-title-icon'>\n\t\t\t<span class='e-opened' ><svg aria-hidden=\"true\" class=\"e-font-icon-svg e-fas-minus\" viewbox=\"0 0 448 512\" xmlns=\"http:\/\/www.w3.org\/2000\/svg\"><path d=\"M416 208H32c-17.67 0-32 14.33-32 32v32c0 17.67 14.33 32 32 32h384c17.67 0 32-14.33 32-32v-32c0-17.67-14.33-32-32-32z\"><\/path><\/svg><\/span>\n\t\t\t<span class='e-closed'><svg aria-hidden=\"true\" class=\"e-font-icon-svg e-fas-check\" viewbox=\"0 0 512 512\" xmlns=\"http:\/\/www.w3.org\/2000\/svg\"><path d=\"M173.898 439.404l-166.4-166.4c-9.997-9.997-9.997-26.206 0-36.204l36.203-36.204c9.997-9.998 26.207-9.998 36.204 0L192 312.69 432.095 72.596c9.997-9.997 26.207-9.997 36.204 0l36.203 36.204c9.997 9.997 9.997 26.206 0 36.204l-294.4 294.401c-9.998 9.997-26.207 9.997-36.204-.001z\"><\/path><\/svg><\/span>\n\t\t<\/span>\n\n\t\t\t\t\t\t<\/summary>\n\t\t\t\t<div role=\"region\" aria-labelledby=\"e-n-accordion-item-8822\" class=\"elementor-element elementor-element-1f745b5 e-con-full e-flex e-con e-child\" data-id=\"1f745b5\" data-element_type=\"container\" data-e-type=\"container\">\n\t\t\t\t<div class=\"elementor-element elementor-element-3623a01 elementor-invisible elementor-widget elementor-widget-text-editor\" data-id=\"3623a01\" data-element_type=\"widget\" data-e-type=\"widget\" data-settings=\"{&quot;_animation&quot;:&quot;fadeIn&quot;}\" data-widget_type=\"text-editor.default\">\n\t\t\t\t<div class=\"elementor-widget-container\">\n\t\t\t\t\t\t\t\t\t<p>A trav\u00e9s del \u00e1rea de ingenier\u00eda de <strong>Reservorios y Producci\u00f3n<\/strong>, proveemos el soporte necesario para <strong>optimizar la producci\u00f3n de los pozos y campos<\/strong> que producen con presiones naturales o con levantamiento artificial, y recuperaci\u00f3n mejorada.<\/p><p>Brindamos soluciones de software enfocadas a la industria de hidrocarburos, orientadas a optimizar y automatizar procesos de an\u00e1lisis y procesamiento de la informaci\u00f3n en campos de petr\u00f3leo y gas. El objetivo de centralizar los datos es brindar mayor tiempo para el an\u00e1lisis de informaci\u00f3n y generar propuestas y soluciones en el incremento de producci\u00f3n, an\u00e1lisis de fallas, manejo de indicadores de gesti\u00f3n, reducci\u00f3n de costos operativos, propuestas de implementaci\u00f3n de nuevas tecnolog\u00edas petroleras, entrega confiable de la informaci\u00f3n a entes gubernamentales, entre otros.<\/p><p>Nuestro equipo est\u00e1 altamente calificado, certificado y con amplia experiencia en el sector de hidrocarburos y energ\u00e9tico que se apoya en tecnolog\u00eda de \u00faltima generaci\u00f3n para planeaci\u00f3n, desarrollo, seguimiento y control de actividades de explotaci\u00f3n y producci\u00f3n de de campos petroleros.<\/p>\t\t\t\t\t\t\t\t<\/div>\n\t\t\t\t<\/div>\n\t\t\t\t<div class=\"elementor-element elementor-element-9da8d10 elementor-invisible elementor-widget elementor-widget-image\" data-id=\"9da8d10\" data-element_type=\"widget\" data-e-type=\"widget\" data-settings=\"{&quot;_animation&quot;:&quot;zoomIn&quot;}\" data-widget_type=\"image.default\">\n\t\t\t\t<div class=\"elementor-widget-container\">\n\t\t\t\t\t\t\t\t\t\t\t\t\t\t\t<img decoding=\"async\" width=\"768\" height=\"576\" src=\"https:\/\/vencoroil.com\/wp-content\/uploads\/2026\/03\/Optimizacion.Productos2-768x576.jpg\" class=\"attachment-medium_large size-medium_large wp-image-2652\" alt=\"\" srcset=\"https:\/\/vencoroil.com\/wp-content\/uploads\/2026\/03\/Optimizacion.Productos2-768x576.jpg 768w, https:\/\/vencoroil.com\/wp-content\/uploads\/2026\/03\/Optimizacion.Productos2-300x225.jpg 300w, https:\/\/vencoroil.com\/wp-content\/uploads\/2026\/03\/Optimizacion.Productos2-1024x768.jpg 1024w, https:\/\/vencoroil.com\/wp-content\/uploads\/2026\/03\/Optimizacion.Productos2-1000x750.jpg 1000w, https:\/\/vencoroil.com\/wp-content\/uploads\/2026\/03\/Optimizacion.Productos2-230x173.jpg 230w, https:\/\/vencoroil.com\/wp-content\/uploads\/2026\/03\/Optimizacion.Productos2-350x263.jpg 350w, https:\/\/vencoroil.com\/wp-content\/uploads\/2026\/03\/Optimizacion.Productos2-480x360.jpg 480w, https:\/\/vencoroil.com\/wp-content\/uploads\/2026\/03\/Optimizacion.Productos2-800x600.jpg 800w, https:\/\/vencoroil.com\/wp-content\/uploads\/2026\/03\/Optimizacion.Productos2.jpg 1280w\" sizes=\"(max-width: 768px) 100vw, 768px\" \/>\t\t\t\t\t\t\t\t\t\t\t\t\t\t\t<\/div>\n\t\t\t\t<\/div>\n\t\t\t\t<\/div>\n\t\t\t\t\t<\/details>\n\t\t\t\t\t\t<details id=\"e-n-accordion-item-8823\" class=\"e-n-accordion-item\" >\n\t\t\t\t<summary class=\"e-n-accordion-item-title\" data-accordion-index=\"4\" tabindex=\"-1\" aria-expanded=\"false\" aria-controls=\"e-n-accordion-item-8823\" >\n\t\t\t\t\t<span class='e-n-accordion-item-title-header'><div class=\"e-n-accordion-item-title-text\"> Servicio de evaluaci\u00f3n y diagn\u00f3stico del sistema de puesta a tierra de las plantas compresoras y estaciones de flujo. <\/div><\/span>\n\t\t\t\t\t\t\t<span class='e-n-accordion-item-title-icon'>\n\t\t\t<span class='e-opened' ><svg aria-hidden=\"true\" class=\"e-font-icon-svg e-fas-minus\" viewbox=\"0 0 448 512\" xmlns=\"http:\/\/www.w3.org\/2000\/svg\"><path d=\"M416 208H32c-17.67 0-32 14.33-32 32v32c0 17.67 14.33 32 32 32h384c17.67 0 32-14.33 32-32v-32c0-17.67-14.33-32-32-32z\"><\/path><\/svg><\/span>\n\t\t\t<span class='e-closed'><svg aria-hidden=\"true\" class=\"e-font-icon-svg e-fas-check\" viewbox=\"0 0 512 512\" xmlns=\"http:\/\/www.w3.org\/2000\/svg\"><path d=\"M173.898 439.404l-166.4-166.4c-9.997-9.997-9.997-26.206 0-36.204l36.203-36.204c9.997-9.998 26.207-9.998 36.204 0L192 312.69 432.095 72.596c9.997-9.997 26.207-9.997 36.204 0l36.203 36.204c9.997 9.997 9.997 26.206 0 36.204l-294.4 294.401c-9.998 9.997-26.207 9.997-36.204-.001z\"><\/path><\/svg><\/span>\n\t\t<\/span>\n\n\t\t\t\t\t\t<\/summary>\n\t\t\t\t<div role=\"region\" aria-labelledby=\"e-n-accordion-item-8823\" class=\"elementor-element elementor-element-ed53d7a e-con-full e-flex e-con e-child\" data-id=\"ed53d7a\" data-element_type=\"container\" data-e-type=\"container\">\n\t\t\t\t<div class=\"elementor-element elementor-element-4d397ab elementor-invisible elementor-widget elementor-widget-text-editor\" data-id=\"4d397ab\" data-element_type=\"widget\" data-e-type=\"widget\" data-settings=\"{&quot;_animation&quot;:&quot;fadeIn&quot;}\" data-widget_type=\"text-editor.default\">\n\t\t\t\t<div class=\"elementor-widget-container\">\n\t\t\t\t\t\t\t\t\t<p><strong>El servicio de Evaluaci\u00f3n y Diagn\u00f3stico del Sistema Puesta a Tierra (SPT)<\/strong> consiste en la ejecuci\u00f3n de actividades el\u00e9ctricas y electromec\u00e1nicas que incluyen:<\/p><ul><li><strong>Detecci\u00f3n y Mapeo de la Malla a Tierra:<\/strong> Determinaci\u00f3n de la situaci\u00f3n, ruta, disposici\u00f3n y condiciones de la malla de puesta a tierra a trav\u00e9s de los pozos distribuidos en cada instalaci\u00f3n. El resultado incluye planos y condiciones actuales de la malla.<\/li><li><strong>Mediciones El\u00e9ctricas Cr\u00edticas:<\/strong> Toma de medidas de resistencia, corriente y tensi\u00f3n para evaluar el desempe\u00f1o del SPT.<\/li><li><strong>Metodolog\u00eda de Medici\u00f3n:<\/strong> Utilizamos el m\u00e9todo de los cuatro pines a intervalos iguales, com\u00fanmente conocido como el M\u00e9todo Wenner, para la medici\u00f3n de resistividad, asegurando la precisi\u00f3n al considerar factores como la pendiente del terreno y la proximidad a objetos met\u00e1licos.<\/li><li><strong>Verificaci\u00f3n de Criterios:<\/strong> El diagn\u00f3stico se basa en la evaluaci\u00f3n de criterios normalizados, verificando aspectos de construcci\u00f3n y requerimientos espec\u00edficos de conexi\u00f3n a tierra y equipotencialidad.<\/li><li><strong>Registro e Informe Final:<\/strong> Se entrega un informe detallado con las condiciones actuales de cada pozo (puntos, nodo), acciones a tomar y el tipo de mantenimiento a realizar, incluyendo registro fotogr\u00e1fico y puntos de mejora aplicables.<\/li><\/ul>\t\t\t\t\t\t\t\t<\/div>\n\t\t\t\t<\/div>\n\t\t\t\t<div class=\"elementor-element elementor-element-7bfbcac elementor-invisible elementor-widget elementor-widget-image\" data-id=\"7bfbcac\" data-element_type=\"widget\" data-e-type=\"widget\" data-settings=\"{&quot;_animation&quot;:&quot;zoomIn&quot;}\" data-widget_type=\"image.default\">\n\t\t\t\t<div class=\"elementor-widget-container\">\n\t\t\t\t\t\t\t\t\t\t\t\t\t\t\t<img loading=\"lazy\" decoding=\"async\" width=\"768\" height=\"768\" src=\"https:\/\/vencoroil.com\/wp-content\/uploads\/2026\/03\/Puesta.Tierra.SPT_-768x768.jpg\" class=\"attachment-medium_large size-medium_large wp-image-3047\" alt=\"\" srcset=\"https:\/\/vencoroil.com\/wp-content\/uploads\/2026\/03\/Puesta.Tierra.SPT_-768x768.jpg 768w, https:\/\/vencoroil.com\/wp-content\/uploads\/2026\/03\/Puesta.Tierra.SPT_-300x300.jpg 300w, https:\/\/vencoroil.com\/wp-content\/uploads\/2026\/03\/Puesta.Tierra.SPT_-1024x1024.jpg 1024w, https:\/\/vencoroil.com\/wp-content\/uploads\/2026\/03\/Puesta.Tierra.SPT_-150x150.jpg 150w, https:\/\/vencoroil.com\/wp-content\/uploads\/2026\/03\/Puesta.Tierra.SPT_-1536x1536.jpg 1536w, https:\/\/vencoroil.com\/wp-content\/uploads\/2026\/03\/Puesta.Tierra.SPT_-1000x1000.jpg 1000w, https:\/\/vencoroil.com\/wp-content\/uploads\/2026\/03\/Puesta.Tierra.SPT_-230x230.jpg 230w, https:\/\/vencoroil.com\/wp-content\/uploads\/2026\/03\/Puesta.Tierra.SPT_-350x350.jpg 350w, https:\/\/vencoroil.com\/wp-content\/uploads\/2026\/03\/Puesta.Tierra.SPT_-480x480.jpg 480w, https:\/\/vencoroil.com\/wp-content\/uploads\/2026\/03\/Puesta.Tierra.SPT_.jpg 1727w\" sizes=\"(max-width: 768px) 100vw, 768px\" \/>\t\t\t\t\t\t\t\t\t\t\t\t\t\t\t<\/div>\n\t\t\t\t<\/div>\n\t\t\t\t<\/div>\n\t\t\t\t\t<\/details>\n\t\t\t\t\t<\/div>\n\t\t\t\t\t\t<\/div>\n\t\t\t\t<\/div>\n\t\t\t\t<\/div>\n\t\t\t\t<\/div>","protected":false},"excerpt":{"rendered":"<p>Servicio de well testing. En Vencor, C.A., ofrecemos el servicio de Well Testing en una ventaja competitiva. Mediante tecnolog\u00eda de vanguardia, capturamos [&hellip;]<\/p>\n","protected":false},"author":1,"featured_media":0,"parent":0,"menu_order":0,"comment_status":"closed","ping_status":"closed","template":"page-templates\/page_fullwidth.php","meta":{"_monsterinsights_skip_tracking":false,"_monsterinsights_sitenote_active":false,"_monsterinsights_sitenote_note":"","_monsterinsights_sitenote_category":0,"footnotes":""},"class_list":["post-2480","page","type-page","status-publish","hentry"],"aioseo_notices":[],"_links":{"self":[{"href":"https:\/\/vencoroil.com\/en\/wp-json\/wp\/v2\/pages\/2480","targetHints":{"allow":["GET"]}}],"collection":[{"href":"https:\/\/vencoroil.com\/en\/wp-json\/wp\/v2\/pages"}],"about":[{"href":"https:\/\/vencoroil.com\/en\/wp-json\/wp\/v2\/types\/page"}],"author":[{"embeddable":true,"href":"https:\/\/vencoroil.com\/en\/wp-json\/wp\/v2\/users\/1"}],"replies":[{"embeddable":true,"href":"https:\/\/vencoroil.com\/en\/wp-json\/wp\/v2\/comments?post=2480"}],"version-history":[{"count":82,"href":"https:\/\/vencoroil.com\/en\/wp-json\/wp\/v2\/pages\/2480\/revisions"}],"predecessor-version":[{"id":3059,"href":"https:\/\/vencoroil.com\/en\/wp-json\/wp\/v2\/pages\/2480\/revisions\/3059"}],"wp:attachment":[{"href":"https:\/\/vencoroil.com\/en\/wp-json\/wp\/v2\/media?parent=2480"}],"curies":[{"name":"wp","href":"https:\/\/api.w.org\/{rel}","templated":true}]}}