{"id":2454,"date":"2026-02-26T14:20:54","date_gmt":"2026-02-26T14:20:54","guid":{"rendered":"https:\/\/vencoroil.com\/?page_id=2454"},"modified":"2026-04-24T19:40:18","modified_gmt":"2026-04-24T19:40:18","slug":"servicio-de-subsuelo","status":"publish","type":"page","link":"https:\/\/vencoroil.com\/en\/servicio-de-subsuelo\/","title":{"rendered":"Servicio de subsuelo"},"content":{"rendered":"<div data-elementor-type=\"wp-page\" data-elementor-id=\"2454\" class=\"elementor elementor-2454\">\n\t\t\t\t<div class=\"elementor-element elementor-element-249e708 e-con-full e-flex e-con e-parent\" data-id=\"249e708\" data-element_type=\"container\" data-e-type=\"container\">\n\t\t\t\t<div class=\"elementor-element elementor-element-9ac759e elementor-widget elementor-widget-n-accordion\" data-id=\"9ac759e\" data-element_type=\"widget\" data-e-type=\"widget\" data-settings=\"{&quot;default_state&quot;:&quot;expanded&quot;,&quot;max_items_expended&quot;:&quot;one&quot;,&quot;n_accordion_animation_duration&quot;:{&quot;unit&quot;:&quot;ms&quot;,&quot;size&quot;:400,&quot;sizes&quot;:[]}}\" data-widget_type=\"nested-accordion.default\">\n\t\t\t\t<div class=\"elementor-widget-container\">\n\t\t\t\t\t\t\t<div class=\"e-n-accordion\" aria-label=\"Accordion. Open links with Enter or Space, close with Escape, and navigate with Arrow Keys\">\n\t\t\t\t\t\t<details id=\"e-n-accordion-item-1620\" class=\"e-n-accordion-item\" open>\n\t\t\t\t<summary class=\"e-n-accordion-item-title\" data-accordion-index=\"1\" tabindex=\"0\" aria-expanded=\"true\" aria-controls=\"e-n-accordion-item-1620\" >\n\t\t\t\t\t<span class='e-n-accordion-item-title-header'><div class=\"e-n-accordion-item-title-text\"> Guaya Fina. <\/div><\/span>\n\t\t\t\t\t\t\t<span class='e-n-accordion-item-title-icon'>\n\t\t\t<span class='e-opened' ><svg aria-hidden=\"true\" class=\"e-font-icon-svg e-fas-minus\" viewbox=\"0 0 448 512\" xmlns=\"http:\/\/www.w3.org\/2000\/svg\"><path d=\"M416 208H32c-17.67 0-32 14.33-32 32v32c0 17.67 14.33 32 32 32h384c17.67 0 32-14.33 32-32v-32c0-17.67-14.33-32-32-32z\"><\/path><\/svg><\/span>\n\t\t\t<span class='e-closed'><svg aria-hidden=\"true\" class=\"e-font-icon-svg e-fas-check\" viewbox=\"0 0 512 512\" xmlns=\"http:\/\/www.w3.org\/2000\/svg\"><path d=\"M173.898 439.404l-166.4-166.4c-9.997-9.997-9.997-26.206 0-36.204l36.203-36.204c9.997-9.998 26.207-9.998 36.204 0L192 312.69 432.095 72.596c9.997-9.997 26.207-9.997 36.204 0l36.203 36.204c9.997 9.997 9.997 26.206 0 36.204l-294.4 294.401c-9.998 9.997-26.207 9.997-36.204-.001z\"><\/path><\/svg><\/span>\n\t\t<\/span>\n\n\t\t\t\t\t\t<\/summary>\n\t\t\t\t<div role=\"region\" aria-labelledby=\"e-n-accordion-item-1620\" class=\"elementor-element elementor-element-3bba2f2 e-con-full e-flex e-con e-child\" data-id=\"3bba2f2\" data-element_type=\"container\" data-e-type=\"container\">\n\t\t\t\t<div class=\"elementor-element elementor-element-1cd96be elementor-invisible elementor-widget elementor-widget-text-editor\" data-id=\"1cd96be\" data-element_type=\"widget\" data-e-type=\"widget\" data-settings=\"{&quot;_animation&quot;:&quot;fadeIn&quot;}\" data-widget_type=\"text-editor.default\">\n\t\t\t\t<div class=\"elementor-widget-container\">\n\t\t\t\t\t\t\t\t\t<p><strong>Chequeo de fondos de pozo.<\/strong><\/p><ul><li>Remplazo de v\u00e1lvula de Gas Lift.<\/li><li>Instalaci\u00f3n y remoci\u00f3n de mandriles.<\/li><li>Instalaci\u00f3n y remoci\u00f3n de v\u00e1lvula de seguridad.<\/li><li>Instalaci\u00f3n y remoci\u00f3n pack off.<\/li><li>\u00a0Instalaci\u00f3n y remoci\u00f3n de separation tool.<\/li><li>Apertura y cierre de mangas de producci\u00f3n.<\/li><li>Pesca de herramientas.<\/li><li>Completaci\u00f3n de pozos (Lago o Tierra).<\/li><li>Pruebas de pre aislamiento con vapor.<\/li><\/ul>\t\t\t\t\t\t\t\t<\/div>\n\t\t\t\t<\/div>\n\t\t\t\t<div class=\"elementor-element elementor-element-07f6023 elementor-invisible elementor-widget elementor-widget-image\" data-id=\"07f6023\" data-element_type=\"widget\" data-e-type=\"widget\" data-settings=\"{&quot;_animation&quot;:&quot;zoomIn&quot;}\" data-widget_type=\"image.default\">\n\t\t\t\t<div class=\"elementor-widget-container\">\n\t\t\t\t\t\t\t\t\t\t\t\t\t\t\t<img fetchpriority=\"high\" decoding=\"async\" width=\"768\" height=\"576\" src=\"https:\/\/vencoroil.com\/wp-content\/uploads\/2026\/03\/well-serving-768x576.jpeg\" class=\"attachment-medium_large size-medium_large wp-image-2495\" alt=\"\" srcset=\"https:\/\/vencoroil.com\/wp-content\/uploads\/2026\/03\/well-serving-768x576.jpeg 768w, https:\/\/vencoroil.com\/wp-content\/uploads\/2026\/03\/well-serving-300x225.jpeg 300w, https:\/\/vencoroil.com\/wp-content\/uploads\/2026\/03\/well-serving-1024x768.jpeg 1024w, https:\/\/vencoroil.com\/wp-content\/uploads\/2026\/03\/well-serving-1000x750.jpeg 1000w, https:\/\/vencoroil.com\/wp-content\/uploads\/2026\/03\/well-serving-230x173.jpeg 230w, https:\/\/vencoroil.com\/wp-content\/uploads\/2026\/03\/well-serving-350x263.jpeg 350w, https:\/\/vencoroil.com\/wp-content\/uploads\/2026\/03\/well-serving-480x360.jpeg 480w, https:\/\/vencoroil.com\/wp-content\/uploads\/2026\/03\/well-serving-800x600.jpeg 800w, https:\/\/vencoroil.com\/wp-content\/uploads\/2026\/03\/well-serving.jpeg 1280w\" sizes=\"(max-width: 768px) 100vw, 768px\" \/>\t\t\t\t\t\t\t\t\t\t\t\t\t\t\t<\/div>\n\t\t\t\t<\/div>\n\t\t\t\t<\/div>\n\t\t\t\t\t<\/details>\n\t\t\t\t\t\t<details id=\"e-n-accordion-item-1621\" class=\"e-n-accordion-item\" >\n\t\t\t\t<summary class=\"e-n-accordion-item-title\" data-accordion-index=\"2\" tabindex=\"-1\" aria-expanded=\"false\" aria-controls=\"e-n-accordion-item-1621\" >\n\t\t\t\t\t<span class='e-n-accordion-item-title-header'><div class=\"e-n-accordion-item-title-text\"> Coiled tubing. <\/div><\/span>\n\t\t\t\t\t\t\t<span class='e-n-accordion-item-title-icon'>\n\t\t\t<span class='e-opened' ><svg aria-hidden=\"true\" class=\"e-font-icon-svg e-fas-minus\" viewbox=\"0 0 448 512\" xmlns=\"http:\/\/www.w3.org\/2000\/svg\"><path d=\"M416 208H32c-17.67 0-32 14.33-32 32v32c0 17.67 14.33 32 32 32h384c17.67 0 32-14.33 32-32v-32c0-17.67-14.33-32-32-32z\"><\/path><\/svg><\/span>\n\t\t\t<span class='e-closed'><svg aria-hidden=\"true\" class=\"e-font-icon-svg e-fas-check\" viewbox=\"0 0 512 512\" xmlns=\"http:\/\/www.w3.org\/2000\/svg\"><path d=\"M173.898 439.404l-166.4-166.4c-9.997-9.997-9.997-26.206 0-36.204l36.203-36.204c9.997-9.998 26.207-9.998 36.204 0L192 312.69 432.095 72.596c9.997-9.997 26.207-9.997 36.204 0l36.203 36.204c9.997 9.997 9.997 26.206 0 36.204l-294.4 294.401c-9.998 9.997-26.207 9.997-36.204-.001z\"><\/path><\/svg><\/span>\n\t\t<\/span>\n\n\t\t\t\t\t\t<\/summary>\n\t\t\t\t<div role=\"region\" aria-labelledby=\"e-n-accordion-item-1621\" class=\"elementor-element elementor-element-e902077 e-con-full e-flex e-con e-child\" data-id=\"e902077\" data-element_type=\"container\" data-e-type=\"container\">\n\t\t\t\t<div class=\"elementor-element elementor-element-03b6bd6 elementor-invisible elementor-widget elementor-widget-text-editor\" data-id=\"03b6bd6\" data-element_type=\"widget\" data-e-type=\"widget\" data-settings=\"{&quot;_animation&quot;:&quot;fadeIn&quot;}\" data-widget_type=\"text-editor.default\">\n\t\t\t\t<div class=\"elementor-widget-container\">\n\t\t\t\t\t\t\t\t\t<p>Nos especializamos en la coordinaci\u00f3n y ejecuci\u00f3n de servicios de <strong>Coiled Tubing,<\/strong> dise\u00f1ados para optimizar la productividad de sus activos. Mediante una gesti\u00f3n log\u00edstica \u00e1gil, integramos unidades criog\u00e9nicas de nitr\u00f3geno y sistemas de bombeo de alta presi\u00f3n para ofrecer intervenciones precisas y vers\u00e1tiles en campo.<\/p><p>Nuestras soluciones incluyen:<\/p><ul><li><strong>Limpieza y Mantenimiento:<\/strong> Remoci\u00f3n de dep\u00f3sitos y acondicionamiento de pozos.<\/li><li><strong>Optimizaci\u00f3n de Flujo:<\/strong> Instalaci\u00f3n de sartas de velocidad y sistemas de Gas Lift.<\/li><li><strong>Estimulaci\u00f3n y Bombeo:<\/strong> Tratamientos matriciales y servicios con N2.<\/li><li><strong>Operaciones Mec\u00e1nicas:<\/strong> Fresado y rotado de cemento con herramientas de alta especificidad.<\/li><\/ul>\t\t\t\t\t\t\t\t<\/div>\n\t\t\t\t<\/div>\n\t\t\t\t<div class=\"elementor-element elementor-element-28e6254 elementor-widget elementor-widget-video\" data-id=\"28e6254\" data-element_type=\"widget\" data-e-type=\"widget\" data-settings=\"{&quot;video_type&quot;:&quot;hosted&quot;,&quot;autoplay&quot;:&quot;yes&quot;,&quot;loop&quot;:&quot;yes&quot;}\" data-widget_type=\"video.default\">\n\t\t\t\t<div class=\"elementor-widget-container\">\n\t\t\t\t\t\t\t<div class=\"e-hosted-video elementor-wrapper elementor-open-inline\">\n\t\t\t\t\t<video class=\"elementor-video\" src=\"https:\/\/vencoroil.com\/wp-content\/uploads\/2026\/04\/vencor-coiled-tubing.mp4\" autoplay=\"\" loop=\"\" controlslist=\"nodownload\"><\/video>\n\t\t\t\t<\/div>\n\t\t\t\t\t\t<\/div>\n\t\t\t\t<\/div>\n\t\t\t\t<\/div>\n\t\t\t\t\t<\/details>\n\t\t\t\t\t<\/div>\n\t\t\t\t\t\t<\/div>\n\t\t\t\t<\/div>\n\t\t\t\t<\/div>\n\t\t\t\t<\/div>","protected":false},"excerpt":{"rendered":"<p>Guaya Fina. Chequeo de fondos de pozo. Remplazo de v\u00e1lvula de Gas Lift. Instalaci\u00f3n y remoci\u00f3n de mandriles. Instalaci\u00f3n y remoci\u00f3n de [&hellip;]<\/p>\n","protected":false},"author":1,"featured_media":0,"parent":0,"menu_order":0,"comment_status":"closed","ping_status":"closed","template":"page-templates\/page_fullwidth.php","meta":{"_monsterinsights_skip_tracking":false,"_monsterinsights_sitenote_active":false,"_monsterinsights_sitenote_note":"","_monsterinsights_sitenote_category":0,"footnotes":""},"class_list":["post-2454","page","type-page","status-publish","hentry"],"aioseo_notices":[],"_links":{"self":[{"href":"https:\/\/vencoroil.com\/en\/wp-json\/wp\/v2\/pages\/2454","targetHints":{"allow":["GET"]}}],"collection":[{"href":"https:\/\/vencoroil.com\/en\/wp-json\/wp\/v2\/pages"}],"about":[{"href":"https:\/\/vencoroil.com\/en\/wp-json\/wp\/v2\/types\/page"}],"author":[{"embeddable":true,"href":"https:\/\/vencoroil.com\/en\/wp-json\/wp\/v2\/users\/1"}],"replies":[{"embeddable":true,"href":"https:\/\/vencoroil.com\/en\/wp-json\/wp\/v2\/comments?post=2454"}],"version-history":[{"count":85,"href":"https:\/\/vencoroil.com\/en\/wp-json\/wp\/v2\/pages\/2454\/revisions"}],"predecessor-version":[{"id":3092,"href":"https:\/\/vencoroil.com\/en\/wp-json\/wp\/v2\/pages\/2454\/revisions\/3092"}],"wp:attachment":[{"href":"https:\/\/vencoroil.com\/en\/wp-json\/wp\/v2\/media?parent=2454"}],"curies":[{"name":"wp","href":"https:\/\/api.w.org\/{rel}","templated":true}]}}